{"id":72,"date":"2015-12-05T11:11:32","date_gmt":"2015-12-05T10:11:32","guid":{"rendered":"https:\/\/www.3msite.il.pw.edu.pl\/?page_id=72"},"modified":"2022-12-15T11:42:23","modified_gmt":"2022-12-15T10:42:23","slug":"partnerstwo","status":"publish","type":"page","link":"https:\/\/www.3msite.il.pw.edu.pl\/?page_id=72&lang=pl","title":{"rendered":"Partnerstwo"},"content":{"rendered":"<p><strong>Promotor:<\/strong><\/p>\n<p><a href=\"https:\/\/www.il.pw.edu.pl\/\" target=\"_blank\" rel=\"noopener noreferrer\">Politechnika Warszawska, PL<\/a><\/p>\n<p>&nbsp;<\/p>\n<p><a href=\"https:\/\/www.3msite.il.pw.edu.pl\/wp-content\/uploads\/2020\/12\/Logo-Politechnika-Warszawska.png\"><img loading=\"lazy\" decoding=\"async\" class=\"alignnone wp-image-911\" src=\"https:\/\/www.3msite.il.pw.edu.pl\/wp-content\/uploads\/2020\/12\/Logo-Politechnika-Warszawska-1024x341.png\" alt=\"\" width=\"343\" height=\"114\" srcset=\"https:\/\/www.3msite.il.pw.edu.pl\/wp-content\/uploads\/2020\/12\/Logo-Politechnika-Warszawska-1024x341.png 1024w, https:\/\/www.3msite.il.pw.edu.pl\/wp-content\/uploads\/2020\/12\/Logo-Politechnika-Warszawska-300x100.png 300w, https:\/\/www.3msite.il.pw.edu.pl\/wp-content\/uploads\/2020\/12\/Logo-Politechnika-Warszawska-768x256.png 768w, https:\/\/www.3msite.il.pw.edu.pl\/wp-content\/uploads\/2020\/12\/Logo-Politechnika-Warszawska-1536x512.png 1536w, https:\/\/www.3msite.il.pw.edu.pl\/wp-content\/uploads\/2020\/12\/Logo-Politechnika-Warszawska.png 1617w\" sizes=\"auto, (max-width: 343px) 100vw, 343px\" \/><\/a><\/p>\n<p>Wydzia\u0142 In\u017cynierii L\u0105dowej powsta\u0142 w 1915 roku jako jeden z trzech najstarszych wydzia\u0142\u00f3w uczelni, ale jego tradycje si\u0119gaj\u0105 pocz\u0105tk\u00f3w XIX wieku. Obecnie mie\u015bci si\u0119 we w\u0142asnym gmachu przy al. Armii Ludowej 16, gdzie znajduje si\u0119 wi\u0119kszo\u015b\u0107 sal wyk\u0142adowych oraz laboratori\u00f3w dydaktycznych i badawczych. W ostatnich latach Wydzia\u0142 przyjmuje rocznie oko\u0142o 300 student\u00f3w na studia stacjonarne i tak\u0105 sam\u0105 liczb\u0119 os\u00f3b na studia niestacjonarne. Og\u00f3lna liczba student\u00f3w na pocz\u0105tku roku akademickiego wynosi\u0142a oko\u0142o 2500.<\/p>\n<p>Wydzia\u0142 In\u017cynierii L\u0105dowej oferuje studentom trzy specjalno\u015bci: Konstrukcje Budowlane i In\u017cynierskie, In\u017cynieria Komunikacyjna oraz In\u017cynieria Produkcji Budowlanej. W ramachspecjalizacji dodatkowo oferowane s\u0105 nast\u0119puj\u0105ce kursy dyplomowe: Teoria Konstrukcji oraz Mosty i Budowle Podziemne. Od RA 2008\/9 na studiach stacjonarnych pierwszego stopnia jest tak\u017ce dost\u0119pna specjalno\u015b\u0107 Budownictwo Energooszcz\u0119dne.<\/p>\n<p>Wydzia\u0142 zatrudnia ponad 150 pracownik\u00f3w na etatach naukowo-dydaktycznych w tym ponad 20 profesor\u00f3w (z czego wi\u0119kszo\u015b\u0107 z tytu\u0142em naukowym), a tak\u017ce adiunkt\u00f3w ze stopniem doktora habilitowanego oraz adiunkt\u00f3w ze stopniem doktora. Kadr\u0119 Wydzia\u0142u tworzy ponadto grupa ponad 80 os\u00f3b personelu techniczno-administracyjnego.<\/p>\n<p>Wydzia\u0142 sk\u0142ada si\u0119 z nast\u0119puj\u0105cych jednostek organizacyjnych: Instytutu Dr\u00f3g i Most\u00f3w oraz Instytutu In\u017cynierii Budowlanej.<\/p>\n<p>&nbsp;<\/p>\n<p>&nbsp;<\/p>\n<p><strong>Partnerzy:<\/strong><\/p>\n<p><a href=\"https:\/\/isparta.edu.tr\/\">Isparta Uygulamali Bilimler Universitesi, TR<\/a><\/p>\n<p><a href=\"https:\/\/www.3msite.il.pw.edu.pl\/wp-content\/uploads\/2022\/12\/isparta-logo.png\"><img loading=\"lazy\" decoding=\"async\" class=\"alignnone wp-image-1349\" src=\"https:\/\/www.3msite.il.pw.edu.pl\/wp-content\/uploads\/2022\/12\/isparta-logo.png\" alt=\"\" width=\"229\" height=\"205\" srcset=\"https:\/\/www.3msite.il.pw.edu.pl\/wp-content\/uploads\/2022\/12\/isparta-logo.png 904w, https:\/\/www.3msite.il.pw.edu.pl\/wp-content\/uploads\/2022\/12\/isparta-logo-300x268.png 300w, https:\/\/www.3msite.il.pw.edu.pl\/wp-content\/uploads\/2022\/12\/isparta-logo-768x687.png 768w\" sizes=\"auto, (max-width: 229px) 100vw, 229px\" \/><\/a><\/p>\n<p>Isparta University of Applied Sciences (IUAS) to stosunkowo m\u0142ody uniwersytet, za\u0142o\u017cony oficjalnie w maju 2018 r., ale w rzeczywisto\u015bci jest to dobrze ugruntowana uczelnia, kt\u00f3rej pocz\u0105tki si\u0119gaj\u0105 1982 r. Jego macierzysta uczelnia, S\u00fcleyman Demirel University (SDU), sta\u0142a si\u0119 jedn\u0105 z najwi\u0119kszych uczelni Turcji i niedawno zosta\u0142 podzielona na dwie cz\u0119\u015bci, co doprowadzi\u0142o do powstania nowego uniwersytetu o nazwie IUAS. W rezultacie r\u00f3\u017cne jednostki akademickie, kt\u00f3re prowadzi\u0142y dzia\u0142alno\u015b\u0107 edukacyjn\u0105 i badawcz\u0105 pod patronatem SDU, obecnie kontynuuj\u0105 prac\u0119 w ramach IUAS. Obecnie ISUBU sk\u0142ada si\u0119 z 6 wydzia\u0142\u00f3w, 2 szk\u00f3\u0142 wy\u017cszych i 17 szk\u00f3\u0142 zawodowych. Wydzia\u0142y oferuj\u0105ce kszta\u0142cenie na poziomie licencjackim i magisterskim to mi\u0119dzy innymi;<\/p>\n<ul>\n<li>Wydzia\u0142 Rybo\u0142\u00f3wstwa (1982)<\/li>\n<li>Wydzia\u0142 Le\u015bny (1992)<\/li>\n<li>Wydzia\u0142 Nauk i Techniki Rolniczej (1992)<\/li>\n<li>Wydzia\u0142 Techniczny (2009)<\/li>\n<li>Wydzia\u0142 Turystyki (2011)<\/li>\n<li>Wydzia\u0142 Administracji Biznesowej (2018).<\/li>\n<\/ul>\n<p>Ponadto w wielu szko\u0142ach zawodowych prowadzone jest kszta\u0142cenie \u015brednie na wielu r\u00f3\u017cnych kierunkach. W szkole studiuje 35 000 student\u00f3w i 350 pracownik\u00f3w naukowych.<\/p>\n<p>&nbsp;<\/p>\n<p><a href=\"https:\/\/www.aeebc.org\" target=\"_blank\" rel=\"noopener noreferrer\">Association of Building Surveyors and Construction Experts, UK\/BE<\/a><\/p>\n<p><img loading=\"lazy\" decoding=\"async\" class=\" alignnone\" src=\"https:\/\/www.3msite.il.pw.edu.pl\/wp-content\/uploads\/2020\/12\/aeebc.jpg\" alt=\"\" width=\"254\" height=\"226\"><\/p>\n<p>AEEBC powsta\u0142a w 1990 roku i zrzesza ekspert\u00f3w budowlanych posiadaj\u0105cych kwalifikacje zawodowe w zakresie proces\u00f3w technologicznych i zarz\u0105dzania projektowaniem, wykonawstwem, remontami i naprawami, zgodnie z ustawodawstwem krajowym danego kraju. Ich do\u015bwiadczenie obejmuje doradztwo w zakresie: b\u0142\u0119d\u00f3w projektowych i wykonawczych; ochrony obiekt\u00f3w; projektowania i wykonawstwa nowych budynk\u00f3w; zarz\u0105dzania projektami i wykonawstwem; konserwacji obiekt\u00f3w, remont\u00f3w i odnawiania obiekt\u00f3w; doradztwa prawnego i ekspertyz s\u0105dowych. Cz\u0142onkowie AEEBC \u015bwiadcz\u0105 us\u0142ugi inwestorom oraz u\u017cytkownikom obiekt\u00f3w w zakresie projektowania, wykonawstwa, rozbudowy, modernizacji, konserwacji i naprawy obiekt\u00f3w. Ich porady obejmuj\u0105 technologi\u0119, zarz\u0105dzanie, ekonomi\u0119 i finanse, zagadnienia prawne i ekologiczne, na ka\u017cdym z etap\u00f3w projektu inwestycyjnego.<\/p>\n<p>&nbsp;<\/p>\n<p><a href=\"https:\/\/www.erbilproje.com\/home\/\">ERBIL PROJECT CONSULTING ENGINEERING CO.INC., TR<\/a><\/p>\n<p><a href=\"https:\/\/www.3msite.il.pw.edu.pl\/wp-content\/uploads\/2022\/12\/erbil-logoo-1.jpg\"><img loading=\"lazy\" decoding=\"async\" class=\"alignnone wp-image-1348\" src=\"https:\/\/www.3msite.il.pw.edu.pl\/wp-content\/uploads\/2022\/12\/erbil-logoo-1-1024x212.jpg\" alt=\"\" width=\"387\" height=\"80\" srcset=\"https:\/\/www.3msite.il.pw.edu.pl\/wp-content\/uploads\/2022\/12\/erbil-logoo-1-1024x212.jpg 1024w, https:\/\/www.3msite.il.pw.edu.pl\/wp-content\/uploads\/2022\/12\/erbil-logoo-1-300x62.jpg 300w, https:\/\/www.3msite.il.pw.edu.pl\/wp-content\/uploads\/2022\/12\/erbil-logoo-1-768x159.jpg 768w, https:\/\/www.3msite.il.pw.edu.pl\/wp-content\/uploads\/2022\/12\/erbil-logoo-1-1536x318.jpg 1536w, https:\/\/www.3msite.il.pw.edu.pl\/wp-content\/uploads\/2022\/12\/erbil-logoo-1.jpg 1804w\" sizes=\"auto, (max-width: 387px) 100vw, 387px\" \/><\/a><\/p>\n<p>Firma ERBIL Project Consulting Engineering Inc.&nbsp;powsta\u0142a w 1986 roku, a nast\u0119pnie zmieni\u0142a nazw\u0119 i status w 1990 roku.&nbsp;ERBIL&nbsp;kontynuowa\u0142 rozw\u00f3j zdolno\u015bci dzia\u0142ania i zawodu poprzez wdra\u017canie innowacyjnych prac in\u017cynierskich w swoim okres wzrostu ponad 25 lat. ERBIL&nbsp;stosuj\u0105c nauki in\u017cynierskie w projektach infrastrukturalnych na rzecz podnoszenia standardu \u017cycia i zr\u00f3wnowa\u017conego rozwoju, zachowuje swoj\u0105 pozycj\u0119, staj\u0105c si\u0119 firm\u0105 lidera, kieruj\u0105c\u0105 si\u0119 zasad\u0105 s\u0142u\u017cenia najwy\u017cszej jako\u015bci us\u0142ug w oparciu o niezawodno\u015b\u0107 i zadowolenie partner\u00f3w. Innowacyjne, ekonomicznie i ekologicznie zr\u00f3wnowa\u017cone rozwi\u0105zania w projektach krajowych i mi\u0119dzynarodowych s\u0105 g\u0142\u00f3wn\u0105 ide\u0105 odpowiadaj\u0105c\u0105 zar\u00f3wno na dzisiejsze, jak i przysz\u0142e wymagania.<\/p>\n<p>Firma ERBIL&nbsp;ze swoimi referencjami w obszarze swojej dzia\u0142alno\u015bci zrealizowa\u0142a setki kilometr\u00f3w projekt\u00f3w autostradowych; r\u00f3\u017cne projekty i projekty most\u00f3w i tuneli, tysi\u0105ce kilometr\u00f3w projekt\u00f3w wody pitnej, kanalizacji deszczowej i deszczowej; stacje uzdatniania wody i \u015bciek\u00f3w, projekty zwi\u0105zane z odpadami sta\u0142ymi, przepompownie, zbiorniki wodne oraz projektowanie system\u00f3w nawierzchni i infrastruktury. ERBIL&nbsp;tworzy te projekty ze swoimi wysoce zmotywowanymi in\u017cynierami i personelem technicznym pod kontrol\u0105 do\u015bwiadczonych profesjonalnych kierownik\u00f3w projekt\u00f3w.<\/p>\n<p>&nbsp;<\/p>\n<p><a href=\"https:\/\/il.pw.edu.pl\">Unicso, PL<\/a><\/p>\n<p><a href=\"https:\/\/www.3msite.il.pw.edu.pl\/wp-content\/uploads\/2022\/12\/unicso-logo-transparent.png\"><img loading=\"lazy\" decoding=\"async\" class=\"alignnone wp-image-1350\" src=\"https:\/\/www.3msite.il.pw.edu.pl\/wp-content\/uploads\/2022\/12\/unicso-logo-transparent.png\" alt=\"\" width=\"350\" height=\"84\"><\/a><\/p>\n<p>UNICSO \u015bwiadczy szeroki zakres us\u0142ug konsultingowych i szkoleniowych w zakresie zasob\u00f3w ludzkich, w tym projektowanie i wdra\u017canie strategii i proces\u00f3w HR, zarz\u0105dzanie talentami, Executive Search, Assessment &amp; Development Center, systemy motywacyjne i zarz\u0105dzanie mi\u0119dzykulturowe. Firma istnieje na rynku od 2011 roku z klientami zar\u00f3wno lokalnymi (m.in. Alab Laboratoria, PGNiG, MPWiK), jak i mi\u0119dzynarodowymi (m.in. Seco Warwick, Pharmalink, Rhenus Delivery Services).<br \/>\nPersonel firmy to specjali\u015bci z zakresu Zarz\u0105dzania Zasobami Ludzkimi, w tym Zarz\u0105dzania Mi\u0119dzykulturowego oraz Zarz\u0105dzania Talentami.<\/p>\n","protected":false},"excerpt":{"rendered":"<p>Promotor: Politechnika Warszawska, PL &nbsp; Wydzia\u0142 In\u017cynierii L\u0105dowej powsta\u0142 w 1915 roku jako jeden z trzech najstarszych wydzia\u0142\u00f3w uczelni, ale jego tradycje si\u0119gaj\u0105 pocz\u0105tk\u00f3w XIX wieku. Obecnie mie\u015bci si\u0119 we w\u0142asnym gmachu przy al. Armii Ludowej 16, gdzie znajduje si\u0119 wi\u0119kszo\u015b\u0107 sal wyk\u0142adowych oraz laboratori\u00f3w dydaktycznych i badawczych. W ostatnich latach Wydzia\u0142 przyjmuje rocznie oko\u0142o &hellip; <a href=\"https:\/\/www.3msite.il.pw.edu.pl\/?page_id=72&#038;lang=pl\" class=\"more-link\">Continue reading <span class=\"screen-reader-text\">Partnerstwo<\/span> <span class=\"meta-nav\">&rarr;<\/span><\/a><\/p>\n","protected":false},"author":1,"featured_media":0,"parent":0,"menu_order":0,"comment_status":"closed","ping_status":"closed","template":"","meta":{"ngg_post_thumbnail":0,"footnotes":""},"class_list":["post-72","page","type-page","status-publish","hentry"],"_links":{"self":[{"href":"https:\/\/www.3msite.il.pw.edu.pl\/index.php?rest_route=\/wp\/v2\/pages\/72","targetHints":{"allow":["GET"]}}],"collection":[{"href":"https:\/\/www.3msite.il.pw.edu.pl\/index.php?rest_route=\/wp\/v2\/pages"}],"about":[{"href":"https:\/\/www.3msite.il.pw.edu.pl\/index.php?rest_route=\/wp\/v2\/types\/page"}],"author":[{"embeddable":true,"href":"https:\/\/www.3msite.il.pw.edu.pl\/index.php?rest_route=\/wp\/v2\/users\/1"}],"replies":[{"embeddable":true,"href":"https:\/\/www.3msite.il.pw.edu.pl\/index.php?rest_route=%2Fwp%2Fv2%2Fcomments&post=72"}],"version-history":[{"count":12,"href":"https:\/\/www.3msite.il.pw.edu.pl\/index.php?rest_route=\/wp\/v2\/pages\/72\/revisions"}],"predecessor-version":[{"id":1372,"href":"https:\/\/www.3msite.il.pw.edu.pl\/index.php?rest_route=\/wp\/v2\/pages\/72\/revisions\/1372"}],"wp:attachment":[{"href":"https:\/\/www.3msite.il.pw.edu.pl\/index.php?rest_route=%2Fwp%2Fv2%2Fmedia&parent=72"}],"curies":[{"name":"wp","href":"https:\/\/api.w.org\/{rel}","templated":true}]}}