{"id":62,"date":"2015-12-04T23:27:17","date_gmt":"2015-12-04T22:27:17","guid":{"rendered":"https:\/\/www.3msite.il.pw.edu.pl\/?page_id=62"},"modified":"2023-01-16T18:26:27","modified_gmt":"2023-01-16T17:26:27","slug":"kontakt","status":"publish","type":"page","link":"https:\/\/www.3msite.il.pw.edu.pl\/?page_id=62&lang=pl","title":{"rendered":"Kontakt"},"content":{"rendered":"<p class=\"center\"><strong>Politechnika Warszawska, Wydzia\u0142 In\u017cynierii L\u0105dowej, Zak\u0142ad In\u017cynierii Produkcji i Zarz\u0105dzania w Budownictwie<br \/>\n(Warsaw University of Technology, Civil Engineering Faculty, Division of Production Engineering and Construction Management)<br \/>\n<\/strong><\/p>\n<p><strong>KIEROWNIK PROJEKTU:<\/strong><\/p>\n<p>dr hab. in\u017c. Nabi Ibadov, profesor uczelni<\/p>\n<p>Armii Ludowej 16,<br \/>\npok\u00f3j 517<br \/>\n00-637 Warszawa<br \/>\nPOLSKA<\/p>\n<p>E-mail: <a href=\"mailto:3msite.wil@pw.edu.pl\">3msite.wil@pw.edu.pl<\/a><\/p>\n","protected":false},"excerpt":{"rendered":"<p>Politechnika Warszawska, Wydzia\u0142 In\u017cynierii L\u0105dowej, Zak\u0142ad In\u017cynierii Produkcji i Zarz\u0105dzania w Budownictwie (Warsaw University of Technology, Civil Engineering Faculty, Division of Production Engineering and Construction Management) KIEROWNIK PROJEKTU: dr hab. in\u017c. Nabi Ibadov, profesor uczelni Armii Ludowej 16, pok\u00f3j 517 00-637 Warszawa POLSKA E-mail: 3msite.wil@pw.edu.pl<\/p>\n","protected":false},"author":1,"featured_media":0,"parent":0,"menu_order":0,"comment_status":"closed","ping_status":"closed","template":"","meta":{"ngg_post_thumbnail":0,"footnotes":""},"class_list":["post-62","page","type-page","status-publish","hentry"],"_links":{"self":[{"href":"https:\/\/www.3msite.il.pw.edu.pl\/index.php?rest_route=\/wp\/v2\/pages\/62","targetHints":{"allow":["GET"]}}],"collection":[{"href":"https:\/\/www.3msite.il.pw.edu.pl\/index.php?rest_route=\/wp\/v2\/pages"}],"about":[{"href":"https:\/\/www.3msite.il.pw.edu.pl\/index.php?rest_route=\/wp\/v2\/types\/page"}],"author":[{"embeddable":true,"href":"https:\/\/www.3msite.il.pw.edu.pl\/index.php?rest_route=\/wp\/v2\/users\/1"}],"replies":[{"embeddable":true,"href":"https:\/\/www.3msite.il.pw.edu.pl\/index.php?rest_route=%2Fwp%2Fv2%2Fcomments&post=62"}],"version-history":[{"count":6,"href":"https:\/\/www.3msite.il.pw.edu.pl\/index.php?rest_route=\/wp\/v2\/pages\/62\/revisions"}],"predecessor-version":[{"id":1391,"href":"https:\/\/www.3msite.il.pw.edu.pl\/index.php?rest_route=\/wp\/v2\/pages\/62\/revisions\/1391"}],"wp:attachment":[{"href":"https:\/\/www.3msite.il.pw.edu.pl\/index.php?rest_route=%2Fwp%2Fv2%2Fmedia&parent=62"}],"curies":[{"name":"wp","href":"https:\/\/api.w.org\/{rel}","templated":true}]}}