{"id":1572,"date":"2023-07-26T14:58:05","date_gmt":"2023-07-26T12:58:05","guid":{"rendered":"https:\/\/www.3msite.il.pw.edu.pl\/?page_id=1572"},"modified":"2023-07-26T14:58:05","modified_gmt":"2023-07-26T12:58:05","slug":"anketin","status":"publish","type":"page","link":"https:\/\/www.3msite.il.pw.edu.pl\/?page_id=1572&lang=tr","title":{"rendered":"Anketin"},"content":{"rendered":"<p><a href=\"https:\/\/docs.google.com\/forms\/d\/e\/1FAIpQLScsj82Hn7Mo0c7vhZutz50rBe-gyE1Y3vHKytRj5ihSKnLX2A\/viewform\">Ekoloji, Sosyoloji, Teknoloji ve Sa\u011fl\u0131k Y\u00f6nleriyle Modern, \u00c7ok Etnik ve \u00c7ok K\u00fclt\u00fcrl\u00fc \u015eantiye Y\u00f6netimi &#8211; 3M SITE Projesi<\/a><\/p>\n<p><a href=\"https:\/\/docs.google.com\/forms\/d\/e\/1FAIpQLSeucpcFcLl-e45FJxWabA0dwckqkdBEESEGeXtedk6srSw5ww\/viewform\">\u0625\u062f\u0627\u0631\u0629 \u0627\u0644\u0645\u0648\u0627\u0642\u0639 \u0627\u0644\u062d\u062f\u064a\u062b\u0629 \u0648\u0627\u0644\u0645\u062a\u0639\u062f\u062f\u0629 \u0627\u0644\u0623\u0639\u0631\u0627\u0642 \u0648\u0627\u0644\u062b\u0642\u0627\u0641\u0627\u062a \u0645\u0639 \u0627\u0644\u0628\u064a\u0626\u0629 \u0648\u0639\u0644\u0645 \u0627\u0644\u0627\u062c\u062a\u0645\u0627\u0639 \u0648\u0627\u0644\u062a\u0643\u0646\u0648\u0644\u0648\u062c\u064a\u0627 \u0648\u0627\u0644\u062c\u0648\u0627\u0646\u0628 \u0627\u0644\u0635\u062d\u064a\u0629 &#8211; \u0645\u0634\u0631\u0648\u0639 (3M SITE) <\/a><\/p>\n","protected":false},"excerpt":{"rendered":"<p>Ekoloji, Sosyoloji, Teknoloji ve Sa\u011fl\u0131k Y\u00f6nleriyle Modern, \u00c7ok Etnik ve \u00c7ok K\u00fclt\u00fcrl\u00fc \u015eantiye Y\u00f6netimi &#8211; 3M SITE Projesi \u0625\u062f\u0627\u0631\u0629 \u0627\u0644\u0645\u0648\u0627\u0642\u0639 \u0627\u0644\u062d\u062f\u064a\u062b\u0629 \u0648\u0627\u0644\u0645\u062a\u0639\u062f\u062f\u0629 \u0627\u0644\u0623\u0639\u0631\u0627\u0642 \u0648\u0627\u0644\u062b\u0642\u0627\u0641\u0627\u062a \u0645\u0639 \u0627\u0644\u0628\u064a\u0626\u0629 \u0648\u0639\u0644\u0645 \u0627\u0644\u0627\u062c\u062a\u0645\u0627\u0639 \u0648\u0627\u0644\u062a\u0643\u0646\u0648\u0644\u0648\u062c\u064a\u0627 \u0648\u0627\u0644\u062c\u0648\u0627\u0646\u0628 \u0627\u0644\u0635\u062d\u064a\u0629 &#8211; \u0645\u0634\u0631\u0648\u0639 (3M SITE)<\/p>\n","protected":false},"author":1,"featured_media":0,"parent":0,"menu_order":0,"comment_status":"closed","ping_status":"closed","template":"","meta":{"ngg_post_thumbnail":0,"footnotes":""},"class_list":["post-1572","page","type-page","status-publish","hentry"],"_links":{"self":[{"href":"https:\/\/www.3msite.il.pw.edu.pl\/index.php?rest_route=\/wp\/v2\/pages\/1572","targetHints":{"allow":["GET"]}}],"collection":[{"href":"https:\/\/www.3msite.il.pw.edu.pl\/index.php?rest_route=\/wp\/v2\/pages"}],"about":[{"href":"https:\/\/www.3msite.il.pw.edu.pl\/index.php?rest_route=\/wp\/v2\/types\/page"}],"author":[{"embeddable":true,"href":"https:\/\/www.3msite.il.pw.edu.pl\/index.php?rest_route=\/wp\/v2\/users\/1"}],"replies":[{"embeddable":true,"href":"https:\/\/www.3msite.il.pw.edu.pl\/index.php?rest_route=%2Fwp%2Fv2%2Fcomments&post=1572"}],"version-history":[{"count":1,"href":"https:\/\/www.3msite.il.pw.edu.pl\/index.php?rest_route=\/wp\/v2\/pages\/1572\/revisions"}],"predecessor-version":[{"id":1573,"href":"https:\/\/www.3msite.il.pw.edu.pl\/index.php?rest_route=\/wp\/v2\/pages\/1572\/revisions\/1573"}],"wp:attachment":[{"href":"https:\/\/www.3msite.il.pw.edu.pl\/index.php?rest_route=%2Fwp%2Fv2%2Fmedia&parent=1572"}],"curies":[{"name":"wp","href":"https:\/\/api.w.org\/{rel}","templated":true}]}}